{"id":783,"date":"2022-06-03T13:00:58","date_gmt":"2022-06-03T11:00:58","guid":{"rendered":"https:\/\/www.instytutpm.eu\/informator\/"},"modified":"2022-09-29T22:06:19","modified_gmt":"2022-09-29T20:06:19","slug":"informator","status":"publish","type":"page","link":"https:\/\/www.instytutpm.eu\/en\/informator\/","title":{"rendered":"Informator"},"content":{"rendered":"        <div class=\"informator-row\">\n\t\t\t\t\t\t\t\t\t\t\t<div class=\"item-informator-wrapper\">\n\t\t\t\t\t\t\t\t<div class=\"informator-item\">\n\t\t\t\t\t\t\t\t\t\t\t\t\t\t\t\t\t\t\t<figure class=\"featured-thumbnail\">\n\t\t\t\t\t\t\t\t\t\t\t\n\t\t\t\t\t\t\t\t\t\t\t\t<img loading=\"lazy\" decoding=\"async\" src=\"https:\/\/www.instytutpm.eu\/wp-content\/uploads\/2025\/01\/wedding-poland.svg\" alt=\"Zawarcie Ma\u0142\u017ce\u0144stwa z cudzoziemcem w Polsce (2024)\" width=\"100\" height=\"100\"\/>\n\t\t\t\t\t\t\t\t\t\t\t\n\t\t\t\t\t\t\t\t\t\t<\/figure>\n\t\t\t\t\t\t\t\t\t\t\t\t\t\t\t\t\t\t<h5 class=\"title\"><a href=\"https:\/\/www.instytutpm.eu\/wp-content\/uploads\/2025\/01\/publikacja-zawarcie-malzenstwa-z-cudzoziemcem-w-polsce.pdf\" target=\"_blank\">Zawarcie Ma\u0142\u017ce\u0144stwa z cudzoziemcem w Polsce (2024)<\/a><\/h5>\n\t\t\t\t\t\t\t\t\t\t\t\t\t\t\t\t\t\t<a href=\"https:\/\/www.instytutpm.eu\/wp-content\/uploads\/2025\/01\/publikacja-zawarcie-malzenstwa-z-cudzoziemcem-w-polsce.pdf\" class=\"link-cover\" target=\"_blank\"><\/a>\n\t\t\t\t\t\t\t\t<\/div>\n\t\t\t\t\t\t\t<\/div>\n\t\t\t\t\t\t\t\t\t\t\t\t\t<div class=\"item-informator-wrapper\">\n\t\t\t\t\t\t\t\t<div class=\"informator-item\">\n\t\t\t\t\t\t\t\t\t\t\t\t\t\t\t\t\t\t\t<figure class=\"featured-thumbnail\">\n\t\t\t\t\t\t\t\t\t\t\t\n\t\t\t\t\t\t\t\t\t\t\t\t<img loading=\"lazy\" decoding=\"async\" src=\"https:\/\/www.instytutpm.eu\/wp-content\/uploads\/2022\/06\/Infopunkt.svg\" alt=\"Info point\" width=\"100\" height=\"100\"\/>\n\t\t\t\t\t\t\t\t\t\t\t\n\t\t\t\t\t\t\t\t\t\t<\/figure>\n\t\t\t\t\t\t\t\t\t\t\t\t\t\t\t\t\t\t<h5 class=\"title\"><a href=\"https:\/\/www.instytutpm.eu\/infopunkt\/\" target=\"_blank\">Info point<\/a><\/h5>\n\t\t\t\t\t\t\t\t\t<p>Free information support for migrants living in Poland<\/p>\n\t\t\t\t\t\t\t\t\t<a href=\"https:\/\/www.instytutpm.eu\/infopunkt\/\" class=\"link-cover\" target=\"_blank\"><\/a>\n\t\t\t\t\t\t\t\t<\/div>\n\t\t\t\t\t\t\t<\/div>\n\t\t\t\t\t\t\t\t\t\t\t\t\t<div class=\"item-informator-wrapper\">\n\t\t\t\t\t\t\t\t<div class=\"informator-item\">\n\t\t\t\t\t\t\t\t\t\t\t\t\t\t\t\t\t\t\t<figure class=\"featured-thumbnail\">\n\t\t\t\t\t\t\t\t\t\t\t\n\t\t\t\t\t\t\t\t\t\t\t\t<img loading=\"lazy\" decoding=\"async\" src=\"https:\/\/www.instytutpm.eu\/wp-content\/uploads\/2022\/06\/Blog-InFor-Migrants.svg\" alt=\"InFor Migrants Blog\" width=\"100\" height=\"100\"\/>\n\t\t\t\t\t\t\t\t\t\t\t\n\t\t\t\t\t\t\t\t\t\t<\/figure>\n\t\t\t\t\t\t\t\t\t\t\t\t\t\t\t\t\t\t<h5 class=\"title\"><a href=\"https:\/\/fundacjaukraina.eu\/informigrants\/\" target=\"_blank\">InFor Migrants Blog<\/a><\/h5>\n\t\t\t\t\t\t\t\t\t<p>Blog about culture, administrative and legal issues as well as everyday life of migrants in Poland<\/p>\n\t\t\t\t\t\t\t\t\t<a href=\"https:\/\/fundacjaukraina.eu\/informigrants\/\" class=\"link-cover\" target=\"_blank\"><\/a>\n\t\t\t\t\t\t\t\t<\/div>\n\t\t\t\t\t\t\t<\/div>\n\t\t\t\t\t\t\t\t\t\t\t\t\t<div class=\"item-informator-wrapper\">\n\t\t\t\t\t\t\t\t<div class=\"informator-item\">\n\t\t\t\t\t\t\t\t\t\t\t\t\t\t\t\t\t\t\t<figure class=\"featured-thumbnail\">\n\t\t\t\t\t\t\t\t\t\t\t\n\t\t\t\t\t\t\t\t\t\t\t\t<img loading=\"lazy\" decoding=\"async\" src=\"https:\/\/www.instytutpm.eu\/wp-content\/uploads\/2022\/06\/Blog-PracujInfo.svg\" alt=\"PracujInfo blog\" width=\"100\" height=\"100\"\/>\n\t\t\t\t\t\t\t\t\t\t\t\n\t\t\t\t\t\t\t\t\t\t<\/figure>\n\t\t\t\t\t\t\t\t\t\t\t\t\t\t\t\t\t\t<h5 class=\"title\"><a href=\"https:\/\/fundacjaukraina.eu\/pracujinfo\/\" target=\"_blank\">PracujInfo blog<\/a><\/h5>\n\t\t\t\t\t\t\t\t\t<p>Information on how to effectively search for a job<\/p>\n\t\t\t\t\t\t\t\t\t<a href=\"https:\/\/fundacjaukraina.eu\/pracujinfo\/\" class=\"link-cover\" target=\"_blank\"><\/a>\n\t\t\t\t\t\t\t\t<\/div>\n\t\t\t\t\t\t\t<\/div>\n\t\t\t\t\t\t\t\t\t\t\t\t\t<div class=\"item-informator-wrapper\">\n\t\t\t\t\t\t\t\t<div class=\"informator-item\">\n\t\t\t\t\t\t\t\t\t\t\t\t\t\t\t\t\t\t\t<figure class=\"featured-thumbnail\">\n\t\t\t\t\t\t\t\t\t\t\t\n\t\t\t\t\t\t\t\t\t\t\t\t<img loading=\"lazy\" decoding=\"async\" src=\"https:\/\/www.instytutpm.eu\/wp-content\/uploads\/2024\/03\/poradnik-icon-2023.svg\" alt=\"Migrant Handbook 2023 (UA)\" width=\"100\" height=\"100\"\/>\n\t\t\t\t\t\t\t\t\t\t\t\n\t\t\t\t\t\t\t\t\t\t<\/figure>\n\t\t\t\t\t\t\t\t\t\t\t\t\t\t\t\t\t\t<h5 class=\"title\"><a href=\"https:\/\/www.instytutpm.eu\/wp-content\/uploads\/2024\/03\/poradnik-migranta-ua-2023.pdf\" target=\"_blank\">Migrant Handbook 2023 (UA)<\/a><\/h5>\n\t\t\t\t\t\t\t\t\t<p>Answers to the most common questions and problems of migrants in Poland in Ukrainian language.<\/p>\n\t\t\t\t\t\t\t\t\t<a href=\"https:\/\/www.instytutpm.eu\/wp-content\/uploads\/2024\/03\/poradnik-migranta-ua-2023.pdf\" class=\"link-cover\" target=\"_blank\"><\/a>\n\t\t\t\t\t\t\t\t<\/div>\n\t\t\t\t\t\t\t<\/div>\n\t\t\t\t\t\t\t\t\t\t\t\t\t<div class=\"item-informator-wrapper\">\n\t\t\t\t\t\t\t\t<div class=\"informator-item\">\n\t\t\t\t\t\t\t\t\t\t\t\t\t\t\t\t\t\t\t<figure class=\"featured-thumbnail\">\n\t\t\t\t\t\t\t\t\t\t\t\n\t\t\t\t\t\t\t\t\t\t\t\t<img loading=\"lazy\" decoding=\"async\" src=\"https:\/\/www.instytutpm.eu\/wp-content\/uploads\/2024\/03\/poradnik-icon-2023.svg\" alt=\"Migrant Handbook 2023 (RU)\" width=\"100\" height=\"100\"\/>\n\t\t\t\t\t\t\t\t\t\t\t\n\t\t\t\t\t\t\t\t\t\t<\/figure>\n\t\t\t\t\t\t\t\t\t\t\t\t\t\t\t\t\t\t<h5 class=\"title\"><a href=\"https:\/\/www.instytutpm.eu\/wp-content\/uploads\/2024\/03\/poradnik-migranta-ru-2023.pdf\" target=\"_blank\">Migrant Handbook 2023 (RU)<\/a><\/h5>\n\t\t\t\t\t\t\t\t\t<p>Answers to the most common questions and problems of migrants in Poland in russian language.<\/p>\n\t\t\t\t\t\t\t\t\t<a href=\"https:\/\/www.instytutpm.eu\/wp-content\/uploads\/2024\/03\/poradnik-migranta-ru-2023.pdf\" class=\"link-cover\" target=\"_blank\"><\/a>\n\t\t\t\t\t\t\t\t<\/div>\n\t\t\t\t\t\t\t<\/div>\n\t\t\t\t\t\t\t\t\t\t\t\t\t<div class=\"item-informator-wrapper\">\n\t\t\t\t\t\t\t\t<div class=\"informator-item\">\n\t\t\t\t\t\t\t\t\t\t\t\t\t\t\t\t\t\t\t<figure class=\"featured-thumbnail\">\n\t\t\t\t\t\t\t\t\t\t\t\n\t\t\t\t\t\t\t\t\t\t\t\t<img loading=\"lazy\" decoding=\"async\" src=\"https:\/\/www.instytutpm.eu\/wp-content\/uploads\/2023\/01\/poradnik-iconvector.svg\" alt=\"Migrant Handbook\" width=\"100\" height=\"100\"\/>\n\t\t\t\t\t\t\t\t\t\t\t\n\t\t\t\t\t\t\t\t\t\t<\/figure>\n\t\t\t\t\t\t\t\t\t\t\t\t\t\t\t\t\t\t<h5 class=\"title\"><a href=\"https:\/\/www.instytutpm.eu\/en\/poradnik-migranta-pdfpage\/\" target=\"_blank\">Migrant Handbook<\/a><\/h5>\n\t\t\t\t\t\t\t\t\t<p>Special handbook with answers to the most common questions and problems of migrants in Poland<\/p>\n\t\t\t\t\t\t\t\t\t<a href=\"https:\/\/www.instytutpm.eu\/en\/poradnik-migranta-pdfpage\/\" class=\"link-cover\" target=\"_blank\"><\/a>\n\t\t\t\t\t\t\t\t<\/div>\n\t\t\t\t\t\t\t<\/div>\n\t\t\t\t\t\t\t\t\t\t\t\t\t<div class=\"item-informator-wrapper\">\n\t\t\t\t\t\t\t\t<div class=\"informator-item\">\n\t\t\t\t\t\t\t\t\t\t\t\t\t\t\t\t\t\t\t<figure class=\"featured-thumbnail\">\n\t\t\t\t\t\t\t\t\t\t\t\n\t\t\t\t\t\t\t\t\t\t\t\t<img loading=\"lazy\" decoding=\"async\" src=\"https:\/\/www.instytutpm.eu\/wp-content\/uploads\/2022\/06\/Broszura-o-prawie-pracy-po-ukrainsku.svg\" alt=\"Leaflet on labor law in Ukrainian\" width=\"100\" height=\"100\"\/>\n\t\t\t\t\t\t\t\t\t\t\t\n\t\t\t\t\t\t\t\t\t\t<\/figure>\n\t\t\t\t\t\t\t\t\t\t\t\t\t\t\t\t\t\t<h5 class=\"title\"><a href=\"https:\/\/www.instytutpm.eu\/wersja-ukrainska-broszury-panstwowej-inspekcji-pracy-o-zasadach-prawa-pracy-o-pierwszych-krokach-w-nim\/\" target=\"_blank\">Leaflet on labor law in Ukrainian<\/a><\/h5>\n\t\t\t\t\t\t\t\t\t<p>Here you can find the necessary information regarding work in the territory of the Republic of Poland<\/p>\n\t\t\t\t\t\t\t\t\t<a href=\"https:\/\/www.instytutpm.eu\/wersja-ukrainska-broszury-panstwowej-inspekcji-pracy-o-zasadach-prawa-pracy-o-pierwszych-krokach-w-nim\/\" class=\"link-cover\" target=\"_blank\"><\/a>\n\t\t\t\t\t\t\t\t<\/div>\n\t\t\t\t\t\t\t<\/div>\n\t\t\t\t\t\t\t\t\t\t\t\t\t<div class=\"item-informator-wrapper\">\n\t\t\t\t\t\t\t\t<div class=\"informator-item\">\n\t\t\t\t\t\t\t\t\t\t\t\t\t\t\t\t\t\t\t<figure class=\"featured-thumbnail\">\n\t\t\t\t\t\t\t\t\t\t\t\n\t\t\t\t\t\t\t\t\t\t\t\t<img loading=\"lazy\" decoding=\"async\" src=\"https:\/\/www.instytutpm.eu\/wp-content\/uploads\/2022\/06\/Przewodnik-migrantow.svg\" alt=\"Guide for a migrant\" width=\"100\" height=\"100\"\/>\n\t\t\t\t\t\t\t\t\t\t\t\n\t\t\t\t\t\t\t\t\t\t<\/figure>\n\t\t\t\t\t\t\t\t\t\t\t\t\t\t\t\t\t\t<h5 class=\"title\"><a href=\"https:\/\/www.instytutpm.eu\/wp-content\/uploads\/2023\/05\/poradnik-dla-migrantow.pdf\" target=\"_blank\">Guide for a migrant<\/a><\/h5>\n\t\t\t\t\t\t\t\t\t<p>Everything that people in Poland need to know<\/p>\n\t\t\t\t\t\t\t\t\t<a href=\"https:\/\/www.instytutpm.eu\/wp-content\/uploads\/2023\/05\/poradnik-dla-migrantow.pdf\" class=\"link-cover\" target=\"_blank\"><\/a>\n\t\t\t\t\t\t\t\t<\/div>\n\t\t\t\t\t\t\t<\/div>\n\t\t\t\t\t\t\t\t\t\t\t\t\t<div class=\"item-informator-wrapper\">\n\t\t\t\t\t\t\t\t<div class=\"informator-item\">\n\t\t\t\t\t\t\t\t\t\t\t\t\t\t\t\t\t\t\t<figure class=\"featured-thumbnail\">\n\t\t\t\t\t\t\t\t\t\t\t\n\t\t\t\t\t\t\t\t\t\t\t\t<img loading=\"lazy\" decoding=\"async\" src=\"https:\/\/www.instytutpm.eu\/wp-content\/uploads\/2022\/06\/Baza-kontaktowa.svg\" alt=\"Contact base\" width=\"100\" height=\"100\"\/>\n\t\t\t\t\t\t\t\t\t\t\t\n\t\t\t\t\t\t\t\t\t\t<\/figure>\n\t\t\t\t\t\t\t\t\t\t\t\t\t\t\t\t\t\t<h5 class=\"title\"><a href=\"https:\/\/www.instytutpm.eu\/wp-content\/uploads\/2022\/08\/Binder1.pdf\" target=\"_blank\">Contact base<\/a><\/h5>\n\t\t\t\t\t\t\t\t\t<p>Contact database of institutions useful for migrants<\/p>\n\t\t\t\t\t\t\t\t\t<a href=\"https:\/\/www.instytutpm.eu\/wp-content\/uploads\/2022\/08\/Binder1.pdf\" class=\"link-cover\" target=\"_blank\"><\/a>\n\t\t\t\t\t\t\t\t<\/div>\n\t\t\t\t\t\t\t<\/div>\n\t\t\t\t\t\t\t\t\t\t\t\t\t<div class=\"item-informator-wrapper\">\n\t\t\t\t\t\t\t\t<div class=\"informator-item\">\n\t\t\t\t\t\t\t\t\t\t\t\t\t\t\t\t\t\t\t<figure class=\"featured-thumbnail\">\n\t\t\t\t\t\t\t\t\t\t\t\n\t\t\t\t\t\t\t\t\t\t\t\t<img loading=\"lazy\" decoding=\"async\" src=\"https:\/\/www.instytutpm.eu\/wp-content\/uploads\/2022\/06\/Cykl-filmow-edukacyjnych-KSM.svg\" alt=\"A series of KSM educational films\" width=\"100\" height=\"100\"\/>\n\t\t\t\t\t\t\t\t\t\t\t\n\t\t\t\t\t\t\t\t\t\t<\/figure>\n\t\t\t\t\t\t\t\t\t\t\t\t\t\t\t\t\t\t<h5 class=\"title\"><a href=\"https:\/\/www.youtube.com\/playlist?list=PLl-6jLDzJZCucChWGFapUU8pnK2HFSlwY\" target=\"_blank\">A series of KSM educational films<\/a><\/h5>\n\t\t\t\t\t\t\t\t\t<p>A series of educational films about the legalization of stay and work in Poland<\/p>\n\t\t\t\t\t\t\t\t\t<a href=\"https:\/\/www.youtube.com\/playlist?list=PLl-6jLDzJZCucChWGFapUU8pnK2HFSlwY\" class=\"link-cover\" target=\"_blank\"><\/a>\n\t\t\t\t\t\t\t\t<\/div>\n\t\t\t\t\t\t\t<\/div>\n\t\t\t\t\t\t\t\t\t\t\t\t\t<div class=\"item-informator-wrapper\">\n\t\t\t\t\t\t\t\t<div class=\"informator-item\">\n\t\t\t\t\t\t\t\t\t\t\t\t\t\t\t\t\t\t\t<figure class=\"featured-thumbnail\">\n\t\t\t\t\t\t\t\t\t\t\t\n\t\t\t\t\t\t\t\t\t\t\t\t<img loading=\"lazy\" decoding=\"async\" src=\"https:\/\/www.instytutpm.eu\/wp-content\/uploads\/2022\/06\/Stacja-Migracja.svg\" alt=\"&#8220;Migration Station&#8221;\" width=\"100\" height=\"100\"\/>\n\t\t\t\t\t\t\t\t\t\t\t\n\t\t\t\t\t\t\t\t\t\t<\/figure>\n\t\t\t\t\t\t\t\t\t\t\t\t\t\t\t\t\t\t<h5 class=\"title\">&#8220;Migration Station&#8221;<\/h5>\n\t\t\t\t\t\t\t\t\t<p>Academic Radio LUZ with IPM presents the podcast &#8220;Stacja Migracja&#8221;<\/p>\n\t\t\t\t\t\t\t\t\t\n\t\t\t\t\t\t\t\t<\/div>\n\t\t\t\t\t\t\t<\/div>\n\t\t\t\t\t\t\t\t\t\t\t\t\t<div class=\"item-informator-wrapper\">\n\t\t\t\t\t\t\t\t<div class=\"informator-item\">\n\t\t\t\t\t\t\t\t\t\t\t\t\t\t\t\t\t\t\t<figure class=\"featured-thumbnail\">\n\t\t\t\t\t\t\t\t\t\t\t\n\t\t\t\t\t\t\t\t\t\t\t\t<img loading=\"lazy\" decoding=\"async\" src=\"https:\/\/www.instytutpm.eu\/wp-content\/uploads\/2022\/06\/Slownik-zwrotow-i-pojec-prawnych.svg\" alt=\"Dictionary of legal phrases and terms\" width=\"100\" height=\"100\"\/>\n\t\t\t\t\t\t\t\t\t\t\t\n\t\t\t\t\t\t\t\t\t\t<\/figure>\n\t\t\t\t\t\t\t\t\t\t\t\t\t\t\t\t\t\t<h5 class=\"title\"><a href=\"https:\/\/www.instytutpm.eu\/wp-content\/uploads\/2022\/08\/s__ownik_red_done__1_.pdf\" target=\"_blank\">Dictionary of legal phrases and terms<\/a><\/h5>\n\t\t\t\t\t\t\t\t\t<p>Polish-English-Ukrainian dictionary of legal phrases and terms<\/p>\n\t\t\t\t\t\t\t\t\t<a href=\"https:\/\/www.instytutpm.eu\/wp-content\/uploads\/2022\/08\/s__ownik_red_done__1_.pdf\" class=\"link-cover\" target=\"_blank\"><\/a>\n\t\t\t\t\t\t\t\t<\/div>\n\t\t\t\t\t\t\t<\/div>\n\t\t\t\t\t\t\t\t\t\t\t\t\t<div class=\"item-informator-wrapper\">\n\t\t\t\t\t\t\t\t<div class=\"informator-item\">\n\t\t\t\t\t\t\t\t\t\t\t\t\t\t\t\t\t\t\t<figure class=\"featured-thumbnail\">\n\t\t\t\t\t\t\t\t\t\t\t\n\t\t\t\t\t\t\t\t\t\t\t\t<img loading=\"lazy\" decoding=\"async\" src=\"https:\/\/www.instytutpm.eu\/wp-content\/uploads\/2022\/06\/domowy-curs-constytucji.svg\" alt=\"The Home Course of the Constitution\" width=\"100\" height=\"100\"\/>\n\t\t\t\t\t\t\t\t\t\t\t\n\t\t\t\t\t\t\t\t\t\t<\/figure>\n\t\t\t\t\t\t\t\t\t\t\t\t\t\t\t\t\t\t<h5 class=\"title\">The Home Course of the Constitution<\/h5>\n\t\t\t\t\t\t\t\t\t<p>Useful articles from the Polish Constitution for foreigners<\/p>\n\t\t\t\t\t\t\t\t\t\n\t\t\t\t\t\t\t\t<\/div>\n\t\t\t\t\t\t\t<\/div>\n\t\t\t\t\t\t\t\t\t\t\t\t\t<div class=\"item-informator-wrapper\">\n\t\t\t\t\t\t\t\t<div class=\"informator-item\">\n\t\t\t\t\t\t\t\t\t\t\t\t\t\t\t\t\t\t\t<figure class=\"featured-thumbnail\">\n\t\t\t\t\t\t\t\t\t\t\t\n\t\t\t\t\t\t\t\t\t\t\t\t<img loading=\"lazy\" decoding=\"async\" src=\"https:\/\/www.instytutpm.eu\/wp-content\/uploads\/2023\/02\/roznice-iconvector.svg\" alt=\"Cultural Differences\" width=\"100\" height=\"100\"\/>\n\t\t\t\t\t\t\t\t\t\t\t\n\t\t\t\t\t\t\t\t\t\t<\/figure>\n\t\t\t\t\t\t\t\t\t\t\t\t\t\t\t\t\t\t<h5 class=\"title\"><a href=\"https:\/\/www.instytutpm.eu\/en\/roznice-kulturowe-pdfpage\/\" target=\"_blank\">Cultural Differences<\/a><\/h5>\n\t\t\t\t\t\t\t\t\t<p>A comparison of Ukrainian and Polish cultures in the four dimensions proposed by Geert Hofstede<\/p>\n\t\t\t\t\t\t\t\t\t<a href=\"https:\/\/www.instytutpm.eu\/en\/roznice-kulturowe-pdfpage\/\" class=\"link-cover\" target=\"_blank\"><\/a>\n\t\t\t\t\t\t\t\t<\/div>\n\t\t\t\t\t\t\t<\/div>\n\t\t\t\t\t\t        <\/div>\n\t\n","protected":false},"excerpt":{"rendered":"","protected":false},"author":1,"featured_media":0,"parent":0,"menu_order":0,"comment_status":"closed","ping_status":"closed","template":"page-grey.php","meta":{"inline_featured_image":false,"advgb_blocks_editor_width":"","advgb_blocks_columns_visual_guide":"","footnotes":""},"class_list":["post-783","page","type-page","status-publish","hentry"],"yoast_head":"<!-- This site is optimized with the Yoast SEO plugin v23.0 - https:\/\/yoast.com\/wordpress\/plugins\/seo\/ -->\n<title>Informator - Institute Of Migrant Rights<\/title>\n<meta name=\"robots\" content=\"index, follow, max-snippet:-1, max-image-preview:large, max-video-preview:-1\" \/>\n<link rel=\"canonical\" href=\"https:\/\/www.instytutpm.eu\/en\/informator\/\" \/>\n<meta property=\"og:locale\" content=\"en_US\" \/>\n<meta property=\"og:type\" content=\"article\" \/>\n<meta property=\"og:title\" content=\"Informator - Institute Of Migrant Rights\" \/>\n<meta property=\"og:url\" content=\"https:\/\/www.instytutpm.eu\/en\/informator\/\" \/>\n<meta property=\"og:site_name\" content=\"Institute Of Migrant Rights\" \/>\n<meta property=\"article:publisher\" content=\"https:\/\/www.facebook.com\/Instytutpm\" \/>\n<meta property=\"article:modified_time\" content=\"2022-09-29T20:06:19+00:00\" \/>\n<meta property=\"og:image\" content=\"https:\/\/www.instytutpm.eu\/wp-content\/uploads\/2023\/05\/ipm-featured-fb.png\" \/>\n\t<meta property=\"og:image:width\" content=\"1200\" \/>\n\t<meta property=\"og:image:height\" content=\"630\" \/>\n\t<meta property=\"og:image:type\" content=\"image\/png\" \/>\n<meta name=\"twitter:card\" content=\"summary_large_image\" \/>\n<meta name=\"twitter:site\" content=\"@Instytutipm\" \/>\n<script type=\"application\/ld+json\" class=\"yoast-schema-graph\">{\"@context\":\"https:\/\/schema.org\",\"@graph\":[{\"@type\":\"WebPage\",\"@id\":\"https:\/\/www.instytutpm.eu\/en\/informator\/\",\"url\":\"https:\/\/www.instytutpm.eu\/en\/informator\/\",\"name\":\"Informator - Institute Of Migrant Rights\",\"isPartOf\":{\"@id\":\"https:\/\/www.instytutpm.eu\/#website\"},\"datePublished\":\"2022-06-03T11:00:58+00:00\",\"dateModified\":\"2022-09-29T20:06:19+00:00\",\"breadcrumb\":{\"@id\":\"https:\/\/www.instytutpm.eu\/en\/informator\/#breadcrumb\"},\"inLanguage\":\"en-US\",\"potentialAction\":[{\"@type\":\"ReadAction\",\"target\":[\"https:\/\/www.instytutpm.eu\/en\/informator\/\"]}]},{\"@type\":\"BreadcrumbList\",\"@id\":\"https:\/\/www.instytutpm.eu\/en\/informator\/#breadcrumb\",\"itemListElement\":[{\"@type\":\"ListItem\",\"position\":1,\"name\":\"Home\",\"item\":\"https:\/\/www.instytutpm.eu\/en\/\"},{\"@type\":\"ListItem\",\"position\":2,\"name\":\"Informator\"}]},{\"@type\":\"WebSite\",\"@id\":\"https:\/\/www.instytutpm.eu\/#website\",\"url\":\"https:\/\/www.instytutpm.eu\/\",\"name\":\"Instytut Praw Migrant\u00f3w\",\"description\":\"Free information support for migrants living in Poland\",\"publisher\":{\"@id\":\"https:\/\/www.instytutpm.eu\/#organization\"},\"alternateName\":\"IPM\",\"potentialAction\":[{\"@type\":\"SearchAction\",\"target\":{\"@type\":\"EntryPoint\",\"urlTemplate\":\"https:\/\/www.instytutpm.eu\/?s={search_term_string}\"},\"query-input\":\"required name=search_term_string\"}],\"inLanguage\":\"en-US\"},{\"@type\":\"Organization\",\"@id\":\"https:\/\/www.instytutpm.eu\/#organization\",\"name\":\"Instytut Praw Migrant\u00f3w\",\"alternateName\":\"IPM\",\"url\":\"https:\/\/www.instytutpm.eu\/\",\"logo\":{\"@type\":\"ImageObject\",\"inLanguage\":\"en-US\",\"@id\":\"https:\/\/www.instytutpm.eu\/#\/schema\/logo\/image\/\",\"url\":\"https:\/\/www.instytutpm.eu\/wp-content\/uploads\/2023\/05\/ipm-logo.jpg\",\"contentUrl\":\"https:\/\/www.instytutpm.eu\/wp-content\/uploads\/2023\/05\/ipm-logo.jpg\",\"width\":238,\"height\":238,\"caption\":\"Instytut Praw Migrant\u00f3w\"},\"image\":{\"@id\":\"https:\/\/www.instytutpm.eu\/#\/schema\/logo\/image\/\"},\"sameAs\":[\"https:\/\/www.facebook.com\/Instytutpm\",\"https:\/\/x.com\/Instytutipm\"]}]}<\/script>\n<!-- \/ Yoast SEO plugin. -->","yoast_head_json":{"title":"Informator - Institute Of Migrant Rights","robots":{"index":"index","follow":"follow","max-snippet":"max-snippet:-1","max-image-preview":"max-image-preview:large","max-video-preview":"max-video-preview:-1"},"canonical":"https:\/\/www.instytutpm.eu\/en\/informator\/","og_locale":"en_US","og_type":"article","og_title":"Informator - Institute Of Migrant Rights","og_url":"https:\/\/www.instytutpm.eu\/en\/informator\/","og_site_name":"Institute Of Migrant Rights","article_publisher":"https:\/\/www.facebook.com\/Instytutpm","article_modified_time":"2022-09-29T20:06:19+00:00","og_image":[{"width":1200,"height":630,"url":"https:\/\/www.instytutpm.eu\/wp-content\/uploads\/2023\/05\/ipm-featured-fb.png","type":"image\/png"}],"twitter_card":"summary_large_image","twitter_site":"@Instytutipm","schema":{"@context":"https:\/\/schema.org","@graph":[{"@type":"WebPage","@id":"https:\/\/www.instytutpm.eu\/en\/informator\/","url":"https:\/\/www.instytutpm.eu\/en\/informator\/","name":"Informator - Institute Of Migrant Rights","isPartOf":{"@id":"https:\/\/www.instytutpm.eu\/#website"},"datePublished":"2022-06-03T11:00:58+00:00","dateModified":"2022-09-29T20:06:19+00:00","breadcrumb":{"@id":"https:\/\/www.instytutpm.eu\/en\/informator\/#breadcrumb"},"inLanguage":"en-US","potentialAction":[{"@type":"ReadAction","target":["https:\/\/www.instytutpm.eu\/en\/informator\/"]}]},{"@type":"BreadcrumbList","@id":"https:\/\/www.instytutpm.eu\/en\/informator\/#breadcrumb","itemListElement":[{"@type":"ListItem","position":1,"name":"Home","item":"https:\/\/www.instytutpm.eu\/en\/"},{"@type":"ListItem","position":2,"name":"Informator"}]},{"@type":"WebSite","@id":"https:\/\/www.instytutpm.eu\/#website","url":"https:\/\/www.instytutpm.eu\/","name":"Instytut Praw Migrant\u00f3w","description":"Free information support for migrants living in Poland","publisher":{"@id":"https:\/\/www.instytutpm.eu\/#organization"},"alternateName":"IPM","potentialAction":[{"@type":"SearchAction","target":{"@type":"EntryPoint","urlTemplate":"https:\/\/www.instytutpm.eu\/?s={search_term_string}"},"query-input":"required name=search_term_string"}],"inLanguage":"en-US"},{"@type":"Organization","@id":"https:\/\/www.instytutpm.eu\/#organization","name":"Instytut Praw Migrant\u00f3w","alternateName":"IPM","url":"https:\/\/www.instytutpm.eu\/","logo":{"@type":"ImageObject","inLanguage":"en-US","@id":"https:\/\/www.instytutpm.eu\/#\/schema\/logo\/image\/","url":"https:\/\/www.instytutpm.eu\/wp-content\/uploads\/2023\/05\/ipm-logo.jpg","contentUrl":"https:\/\/www.instytutpm.eu\/wp-content\/uploads\/2023\/05\/ipm-logo.jpg","width":238,"height":238,"caption":"Instytut Praw Migrant\u00f3w"},"image":{"@id":"https:\/\/www.instytutpm.eu\/#\/schema\/logo\/image\/"},"sameAs":["https:\/\/www.facebook.com\/Instytutpm","https:\/\/x.com\/Instytutipm"]}]}},"coauthors":[],"author_meta":{"author_link":"https:\/\/www.instytutpm.eu\/en\/author\/ipm-admin\/","display_name":"IPM"},"relative_dates":{"created":"Posted 4 years ago","modified":"Updated 4 years ago"},"absolute_dates":{"created":"Posted on 2022-06-03","modified":"Updated on 2022-09-29"},"absolute_dates_time":{"created":"Posted on 2022-06-03 13:00","modified":"Updated on 2022-09-29 22:06"},"featured_img_caption":"","featured_img":false,"series_order":"","_links":{"self":[{"href":"https:\/\/www.instytutpm.eu\/en\/wp-json\/wp\/v2\/pages\/783","targetHints":{"allow":["GET"]}}],"collection":[{"href":"https:\/\/www.instytutpm.eu\/en\/wp-json\/wp\/v2\/pages"}],"about":[{"href":"https:\/\/www.instytutpm.eu\/en\/wp-json\/wp\/v2\/types\/page"}],"author":[{"embeddable":true,"href":"https:\/\/www.instytutpm.eu\/en\/wp-json\/wp\/v2\/users\/1"}],"replies":[{"embeddable":true,"href":"https:\/\/www.instytutpm.eu\/en\/wp-json\/wp\/v2\/comments?post=783"}],"version-history":[{"count":1,"href":"https:\/\/www.instytutpm.eu\/en\/wp-json\/wp\/v2\/pages\/783\/revisions"}],"predecessor-version":[{"id":839,"href":"https:\/\/www.instytutpm.eu\/en\/wp-json\/wp\/v2\/pages\/783\/revisions\/839"}],"wp:attachment":[{"href":"https:\/\/www.instytutpm.eu\/en\/wp-json\/wp\/v2\/media?parent=783"}],"curies":[{"name":"wp","href":"https:\/\/api.w.org\/{rel}","templated":true}]}}